{"id":5592,"date":"2016-12-05T09:17:34","date_gmt":"2016-12-05T09:17:34","guid":{"rendered":"http:\/\/demo.wpzoom.com\/inspiro\/?page_id=5592"},"modified":"2024-09-14T10:10:55","modified_gmt":"2024-09-14T10:10:55","slug":"repsol","status":"publish","type":"page","link":"https:\/\/prager.com.pl\/?page_id=5592","title":{"rendered":"Repsol"},"content":{"rendered":"\t\t<div data-elementor-type=\"wp-page\" data-elementor-id=\"5592\" class=\"elementor elementor-5592\">\n\t\t\t\t<div class=\"elementor-element elementor-element-704ea28 e-flex e-con-boxed e-con e-parent\" data-id=\"704ea28\" data-element_type=\"container\">\n\t\t\t\t\t<div class=\"e-con-inner\">\n\t\t\t\t<div class=\"elementor-element elementor-element-3215e65 elementor-widget elementor-widget-image\" data-id=\"3215e65\" data-element_type=\"widget\" data-widget_type=\"image.default\">\n\t\t\t\t<div class=\"elementor-widget-container\">\n\t\t\t<style>\/*! elementor - v3.23.0 - 05-08-2024 *\/\n.elementor-widget-image{text-align:center}.elementor-widget-image a{display:inline-block}.elementor-widget-image a img[src$=\".svg\"]{width:48px}.elementor-widget-image img{vertical-align:middle;display:inline-block}<\/style>\t\t\t\t\t\t\t\t\t\t<img fetchpriority=\"high\" decoding=\"async\" width=\"950\" height=\"368\" src=\"https:\/\/prager.com.pl\/wp-content\/uploads\/2024\/09\/repsol.jpg\" class=\"attachment-large size-large wp-image-6927\" alt=\"\" srcset=\"https:\/\/prager.com.pl\/wp-content\/uploads\/2024\/09\/repsol.jpg 1024w, https:\/\/prager.com.pl\/wp-content\/uploads\/2024\/09\/repsol-300x116.jpg 300w, https:\/\/prager.com.pl\/wp-content\/uploads\/2024\/09\/repsol-600x233.jpg 600w\" sizes=\"100vw\" \/>\t\t\t\t\t\t\t\t\t\t\t\t\t<\/div>\n\t\t\t\t<\/div>\n\t\t\t\t\t<\/div>\n\t\t\t\t<\/div>\n\t\t<div class=\"elementor-element elementor-element-b73b319 e-flex e-con-boxed e-con e-parent\" data-id=\"b73b319\" data-element_type=\"container\">\n\t\t\t\t\t<div class=\"e-con-inner\">\n\t\t\t\t<div class=\"elementor-element elementor-element-a05fde0 elementor-widget elementor-widget-spacer\" data-id=\"a05fde0\" data-element_type=\"widget\" data-widget_type=\"spacer.default\">\n\t\t\t\t<div class=\"elementor-widget-container\">\n\t\t\t<style>\/*! elementor - v3.23.0 - 05-08-2024 *\/\n.elementor-column .elementor-spacer-inner{height:var(--spacer-size)}.e-con{--container-widget-width:100%}.e-con-inner>.elementor-widget-spacer,.e-con>.elementor-widget-spacer{width:var(--container-widget-width,var(--spacer-size));--align-self:var(--container-widget-align-self,initial);--flex-shrink:0}.e-con-inner>.elementor-widget-spacer>.elementor-widget-container,.e-con>.elementor-widget-spacer>.elementor-widget-container{height:100%;width:100%}.e-con-inner>.elementor-widget-spacer>.elementor-widget-container>.elementor-spacer,.e-con>.elementor-widget-spacer>.elementor-widget-container>.elementor-spacer{height:100%}.e-con-inner>.elementor-widget-spacer>.elementor-widget-container>.elementor-spacer>.elementor-spacer-inner,.e-con>.elementor-widget-spacer>.elementor-widget-container>.elementor-spacer>.elementor-spacer-inner{height:var(--container-widget-height,var(--spacer-size))}.e-con-inner>.elementor-widget-spacer.elementor-widget-empty,.e-con>.elementor-widget-spacer.elementor-widget-empty{position:relative;min-height:22px;min-width:22px}.e-con-inner>.elementor-widget-spacer.elementor-widget-empty .elementor-widget-empty-icon,.e-con>.elementor-widget-spacer.elementor-widget-empty .elementor-widget-empty-icon{position:absolute;top:0;bottom:0;left:0;right:0;margin:auto;padding:0;width:22px;height:22px}<\/style>\t\t<div class=\"elementor-spacer\">\n\t\t\t<div class=\"elementor-spacer-inner\"><\/div>\n\t\t<\/div>\n\t\t\t\t<\/div>\n\t\t\t\t<\/div>\n\t\t\t\t\t<\/div>\n\t\t\t\t<\/div>\n\t\t<div class=\"elementor-element elementor-element-0fa6cc9 e-flex e-con-boxed e-con e-parent\" data-id=\"0fa6cc9\" data-element_type=\"container\">\n\t\t\t\t\t<div class=\"e-con-inner\">\n\t\t<div class=\"elementor-element elementor-element-13bb1e1 e-con-full e-flex e-con e-child\" data-id=\"13bb1e1\" data-element_type=\"container\">\n\t\t\t\t<div class=\"elementor-element elementor-element-1ad26f0 elementor-widget elementor-widget-text-editor\" data-id=\"1ad26f0\" data-element_type=\"widget\" data-widget_type=\"text-editor.default\">\n\t\t\t\t<div class=\"elementor-widget-container\">\n\t\t\t<style>\/*! elementor - v3.23.0 - 05-08-2024 *\/\n.elementor-widget-text-editor.elementor-drop-cap-view-stacked .elementor-drop-cap{background-color:#69727d;color:#fff}.elementor-widget-text-editor.elementor-drop-cap-view-framed .elementor-drop-cap{color:#69727d;border:3px solid;background-color:transparent}.elementor-widget-text-editor:not(.elementor-drop-cap-view-default) .elementor-drop-cap{margin-top:8px}.elementor-widget-text-editor:not(.elementor-drop-cap-view-default) .elementor-drop-cap-letter{width:1em;height:1em}.elementor-widget-text-editor .elementor-drop-cap{float:left;text-align:center;line-height:1;font-size:50px}.elementor-widget-text-editor .elementor-drop-cap-letter{display:inline-block}<\/style>\t\t\t\t<p><strong>Koncern naftowy Repsol nale\u017cy do czo\u0142\u00f3wki globalnych firm energetycznych. Jego dzia\u0142alno\u015b\u0107 obejmuje wszystkie etapy \u0142a\u0144cucha warto\u015bci w sektorze ropy naftowej i gazu ziemnego, od poszukiwa\u0144 surowc\u00f3w, przez ich przer\u00f3b i produkcj\u0119, a\u017c po rozw\u00f3j oraz innowacje w dziedzinie zr\u00f3wnowa\u017conej energii przysz\u0142o\u015bci.<\/strong><\/p><p>Prager jest wy\u0142\u0105cznym dystrybutorem produkt\u00f3w Repsol w Polsce , zapewniaj\u0105c lokalnym klientom dost\u0119p do wysokiej jako\u015bci rozwi\u0105za\u0144 energetycznych oferowanych przez ten globalny koncern.<\/p>\t\t\t\t\t\t<\/div>\n\t\t\t\t<\/div>\n\t\t\t\t<\/div>\n\t\t<div class=\"elementor-element elementor-element-eb01604 e-con-full e-flex e-con e-child\" data-id=\"eb01604\" data-element_type=\"container\">\n\t\t\t\t<div class=\"elementor-element elementor-element-fd1c673 elementor-widget elementor-widget-text-editor\" data-id=\"fd1c673\" data-element_type=\"widget\" data-widget_type=\"text-editor.default\">\n\t\t\t\t<div class=\"elementor-widget-container\">\n\t\t\t\t\t\t\t<p>Repsol ma na celu bycie \u015bwiatowym liderem w dziedzinie energetyki, koncentruj\u0105c si\u0119 na zr\u00f3wnowa\u017conym rozwoju oraz d\u0105\u017ceniu do innowacyjnych, efektywnych i etycznych rozwi\u0105za\u0144. Firma stawia na tworzenie warto\u015bci, aby wspiera\u0107 post\u0119p w spo\u0142ecze\u0144stwie globalnym. Jej dzia\u0142alno\u015b\u0107 obejmuje poszukiwania i wydobycie ropy i gazu, rafinacj\u0119 oraz sprzeda\u017c produkt\u00f3w pochodnych, jak r\u00f3wnie\u017c \u015bwiadczenie us\u0142ug takich jak dostarczanie gazu ziemnego i energii elektrycznej.<\/p>\t\t\t\t\t\t<\/div>\n\t\t\t\t<\/div>\n\t\t\t\t<\/div>\n\t\t\t\t\t<\/div>\n\t\t\t\t<\/div>\n\t\t<div class=\"elementor-element elementor-element-2ab821e e-flex e-con-boxed e-con e-parent\" data-id=\"2ab821e\" data-element_type=\"container\">\n\t\t\t\t\t<div class=\"e-con-inner\">\n\t\t\t\t<div class=\"elementor-element elementor-element-a29334b elementor-align-center elementor-widget elementor-widget-button\" data-id=\"a29334b\" data-element_type=\"widget\" data-widget_type=\"button.default\">\n\t\t\t\t<div class=\"elementor-widget-container\">\n\t\t\t\t\t<div class=\"elementor-button-wrapper\">\n\t\t\t<a class=\"elementor-button elementor-button-link elementor-size-md\" href=\"http:\/\/www.repsoloil.pl\">\n\t\t\t\t\t\t<span class=\"elementor-button-content-wrapper\">\n\t\t\t\t\t\t\t\t\t<span class=\"elementor-button-text\">Odwied\u017a stron\u0119 Repsol Polska \u00bb<\/span>\n\t\t\t\t\t<\/span>\n\t\t\t\t\t<\/a>\n\t\t<\/div>\n\t\t\t\t<\/div>\n\t\t\t\t<\/div>\n\t\t\t\t\t<\/div>\n\t\t\t\t<\/div>\n\t\t<div class=\"elementor-element elementor-element-9f49e96 e-flex e-con-boxed e-con e-parent\" data-id=\"9f49e96\" data-element_type=\"container\">\n\t\t\t\t\t<div class=\"e-con-inner\">\n\t\t\t\t<div class=\"elementor-element elementor-element-2b024e7 elementor-widget-divider--view-line elementor-widget elementor-widget-divider\" data-id=\"2b024e7\" data-element_type=\"widget\" data-widget_type=\"divider.default\">\n\t\t\t\t<div class=\"elementor-widget-container\">\n\t\t\t<style>\/*! elementor - v3.23.0 - 05-08-2024 *\/\n.elementor-widget-divider{--divider-border-style:none;--divider-border-width:1px;--divider-color:#0c0d0e;--divider-icon-size:20px;--divider-element-spacing:10px;--divider-pattern-height:24px;--divider-pattern-size:20px;--divider-pattern-url:none;--divider-pattern-repeat:repeat-x}.elementor-widget-divider .elementor-divider{display:flex}.elementor-widget-divider .elementor-divider__text{font-size:15px;line-height:1;max-width:95%}.elementor-widget-divider .elementor-divider__element{margin:0 var(--divider-element-spacing);flex-shrink:0}.elementor-widget-divider .elementor-icon{font-size:var(--divider-icon-size)}.elementor-widget-divider .elementor-divider-separator{display:flex;margin:0;direction:ltr}.elementor-widget-divider--view-line_icon .elementor-divider-separator,.elementor-widget-divider--view-line_text .elementor-divider-separator{align-items:center}.elementor-widget-divider--view-line_icon .elementor-divider-separator:after,.elementor-widget-divider--view-line_icon .elementor-divider-separator:before,.elementor-widget-divider--view-line_text .elementor-divider-separator:after,.elementor-widget-divider--view-line_text .elementor-divider-separator:before{display:block;content:\"\";border-block-end:0;flex-grow:1;border-block-start:var(--divider-border-width) var(--divider-border-style) var(--divider-color)}.elementor-widget-divider--element-align-left .elementor-divider .elementor-divider-separator>.elementor-divider__svg:first-of-type{flex-grow:0;flex-shrink:100}.elementor-widget-divider--element-align-left .elementor-divider-separator:before{content:none}.elementor-widget-divider--element-align-left .elementor-divider__element{margin-left:0}.elementor-widget-divider--element-align-right .elementor-divider .elementor-divider-separator>.elementor-divider__svg:last-of-type{flex-grow:0;flex-shrink:100}.elementor-widget-divider--element-align-right .elementor-divider-separator:after{content:none}.elementor-widget-divider--element-align-right .elementor-divider__element{margin-right:0}.elementor-widget-divider--element-align-start .elementor-divider .elementor-divider-separator>.elementor-divider__svg:first-of-type{flex-grow:0;flex-shrink:100}.elementor-widget-divider--element-align-start .elementor-divider-separator:before{content:none}.elementor-widget-divider--element-align-start .elementor-divider__element{margin-inline-start:0}.elementor-widget-divider--element-align-end .elementor-divider .elementor-divider-separator>.elementor-divider__svg:last-of-type{flex-grow:0;flex-shrink:100}.elementor-widget-divider--element-align-end .elementor-divider-separator:after{content:none}.elementor-widget-divider--element-align-end .elementor-divider__element{margin-inline-end:0}.elementor-widget-divider:not(.elementor-widget-divider--view-line_text):not(.elementor-widget-divider--view-line_icon) .elementor-divider-separator{border-block-start:var(--divider-border-width) var(--divider-border-style) var(--divider-color)}.elementor-widget-divider--separator-type-pattern{--divider-border-style:none}.elementor-widget-divider--separator-type-pattern.elementor-widget-divider--view-line .elementor-divider-separator,.elementor-widget-divider--separator-type-pattern:not(.elementor-widget-divider--view-line) .elementor-divider-separator:after,.elementor-widget-divider--separator-type-pattern:not(.elementor-widget-divider--view-line) .elementor-divider-separator:before,.elementor-widget-divider--separator-type-pattern:not([class*=elementor-widget-divider--view]) .elementor-divider-separator{width:100%;min-height:var(--divider-pattern-height);-webkit-mask-size:var(--divider-pattern-size) 100%;mask-size:var(--divider-pattern-size) 100%;-webkit-mask-repeat:var(--divider-pattern-repeat);mask-repeat:var(--divider-pattern-repeat);background-color:var(--divider-color);-webkit-mask-image:var(--divider-pattern-url);mask-image:var(--divider-pattern-url)}.elementor-widget-divider--no-spacing{--divider-pattern-size:auto}.elementor-widget-divider--bg-round{--divider-pattern-repeat:round}.rtl .elementor-widget-divider .elementor-divider__text{direction:rtl}.e-con-inner>.elementor-widget-divider,.e-con>.elementor-widget-divider{width:var(--container-widget-width,100%);--flex-grow:var(--container-widget-flex-grow)}<\/style>\t\t<div class=\"elementor-divider\">\n\t\t\t<span class=\"elementor-divider-separator\">\n\t\t\t\t\t\t<\/span>\n\t\t<\/div>\n\t\t\t\t<\/div>\n\t\t\t\t<\/div>\n\t\t\t\t\t<\/div>\n\t\t\t\t<\/div>\n\t\t<div class=\"elementor-element elementor-element-eea8600 e-flex e-con-boxed e-con e-parent\" data-id=\"eea8600\" data-element_type=\"container\">\n\t\t\t\t\t<div class=\"e-con-inner\">\n\t\t<div class=\"elementor-element elementor-element-e474589 e-con-full e-flex e-con e-child\" data-id=\"e474589\" data-element_type=\"container\">\n\t\t<div class=\"elementor-element elementor-element-7e6606c e-con-full e-flex e-con e-child\" data-id=\"7e6606c\" data-element_type=\"container\">\n\t\t\t\t<div class=\"elementor-element elementor-element-1a4d1ae elementor-widget elementor-widget-image\" data-id=\"1a4d1ae\" data-element_type=\"widget\" data-widget_type=\"image.default\">\n\t\t\t\t<div class=\"elementor-widget-container\">\n\t\t\t\t\t\t\t\t\t\t\t\t\t<img decoding=\"async\" width=\"128\" height=\"116\" src=\"https:\/\/prager.com.pl\/wp-content\/uploads\/2024\/09\/logo_prager-black_5.png\" class=\"attachment-large size-large wp-image-6900\" alt=\"\" sizes=\"100vw\" \/>\t\t\t\t\t\t\t\t\t\t\t\t\t<\/div>\n\t\t\t\t<\/div>\n\t\t\t\t<\/div>\n\t\t<div class=\"elementor-element elementor-element-8874add e-con-full e-flex e-con e-child\" data-id=\"8874add\" data-element_type=\"container\">\n\t\t\t\t<div class=\"elementor-element elementor-element-f1209ec elementor-hidden-mobile elementor-widget elementor-widget-text-editor\" data-id=\"f1209ec\" data-element_type=\"widget\" data-widget_type=\"text-editor.default\">\n\t\t\t\t<div class=\"elementor-widget-container\">\n\t\t\t\t\t\t\t<p><a href=\"http:\/\/www.prager.com.pl\/#o-firmie\">O firmie\u00a0<\/a> \u00a0 \u00a0 <a href=\"http:\/\/www.prager.com.pl\/#oferta\">Oferta<\/a>\u00a0 \u00a0 \u00a0 \u00a0 <a href=\"http:\/\/www.prager.com.pl\/#marki\">Nasze marki<\/a>\u00a0 \u00a0 \u00a0 \u00a0 \u00a0<a href=\"http:\/\/www.prager.com.pl\/#kontakt\"> Kontakt<\/a><\/p>\t\t\t\t\t\t<\/div>\n\t\t\t\t<\/div>\n\t\t\t\t<\/div>\n\t\t\t\t<\/div>\n\t\t\t\t\t<\/div>\n\t\t\t\t<\/div>\n\t\t\t\t<\/div>\n\t\t","protected":false},"excerpt":{"rendered":"<p>Koncern naftowy Repsol nale\u017cy do czo\u0142\u00f3wki globalnych firm energetycznych. Jego dzia\u0142alno\u015b\u0107 obejmuje wszystkie etapy \u0142a\u0144cucha warto\u015bci w sektorze ropy naftowej i gazu ziemnego, od poszukiwa\u0144 surowc\u00f3w, przez ich przer\u00f3b i produkcj\u0119, a\u017c po rozw\u00f3j oraz innowacje w dziedzinie zr\u00f3wnowa\u017conej energii przysz\u0142o\u015bci. Prager jest wy\u0142\u0105cznym dystrybutorem produkt\u00f3w Repsol w Polsce , zapewniaj\u0105c lokalnym klientom dost\u0119p do &hellip; <\/p>\n<p class=\"link-more\"><a href=\"https:\/\/prager.com.pl\/?page_id=5592\" class=\"more-link\">Read more<span class=\"screen-reader-text\"> &#8222;Repsol&#8221;<\/span><\/a><\/p>\n","protected":false},"author":1,"featured_media":0,"parent":0,"menu_order":0,"comment_status":"closed","ping_status":"closed","template":"page-templates\/full-width-builder-bb.php","meta":{"footnotes":""},"class_list":["post-5592","page","type-page","status-publish","hentry"],"yoast_head":"<!-- This site is optimized with the Yoast SEO plugin v23.4 - https:\/\/yoast.com\/wordpress\/plugins\/seo\/ -->\n<title>Repsol - Prager<\/title>\n<meta name=\"description\" content=\"Koncern naftowy Repsol, globalny lider w bran\u017cy energetycznej, prowadzi dzia\u0142alno\u015b\u0107 w zakresie poszukiwa\u0144, wydobycia, przerobu i sprzeda\u017cy ropy naftowej oraz gazu ziemnego. Firma koncentruje si\u0119 na innowacjach i zr\u00f3wnowa\u017conym rozwoju. W Polsce, wy\u0142\u0105cznym dystrybutorem produkt\u00f3w Repsol jest firma Prager.\" \/>\n<meta name=\"robots\" content=\"index, follow, max-snippet:-1, max-image-preview:large, max-video-preview:-1\" \/>\n<link rel=\"canonical\" href=\"https:\/\/prager.com.pl\/?page_id=5592\" \/>\n<meta property=\"og:locale\" content=\"pl_PL\" \/>\n<meta property=\"og:type\" content=\"article\" \/>\n<meta property=\"og:title\" content=\"Repsol - Prager\" \/>\n<meta property=\"og:description\" content=\"Koncern naftowy Repsol, globalny lider w bran\u017cy energetycznej, prowadzi dzia\u0142alno\u015b\u0107 w zakresie poszukiwa\u0144, wydobycia, przerobu i sprzeda\u017cy ropy naftowej oraz gazu ziemnego. Firma koncentruje si\u0119 na innowacjach i zr\u00f3wnowa\u017conym rozwoju. W Polsce, wy\u0142\u0105cznym dystrybutorem produkt\u00f3w Repsol jest firma Prager.\" \/>\n<meta property=\"og:url\" content=\"https:\/\/prager.com.pl\/?page_id=5592\" \/>\n<meta property=\"og:site_name\" content=\"Prager\" \/>\n<meta property=\"article:modified_time\" content=\"2024-09-14T10:10:55+00:00\" \/>\n<meta property=\"og:image\" content=\"https:\/\/prager.com.pl\/wp-content\/uploads\/2024\/09\/repsol.jpg\" \/>\n<meta name=\"twitter:card\" content=\"summary_large_image\" \/>\n<meta name=\"twitter:label1\" content=\"Szacowany czas czytania\" \/>\n\t<meta name=\"twitter:data1\" content=\"2 minuty\" \/>\n<script type=\"application\/ld+json\" class=\"yoast-schema-graph\">{\"@context\":\"https:\/\/schema.org\",\"@graph\":[{\"@type\":\"WebPage\",\"@id\":\"https:\/\/prager.com.pl\/?page_id=5592\",\"url\":\"https:\/\/prager.com.pl\/?page_id=5592\",\"name\":\"Repsol - Prager\",\"isPartOf\":{\"@id\":\"https:\/\/prager.com.pl\/#website\"},\"primaryImageOfPage\":{\"@id\":\"https:\/\/prager.com.pl\/?page_id=5592#primaryimage\"},\"image\":{\"@id\":\"https:\/\/prager.com.pl\/?page_id=5592#primaryimage\"},\"thumbnailUrl\":\"https:\/\/prager.com.pl\/wp-content\/uploads\/2024\/09\/repsol.jpg\",\"datePublished\":\"2016-12-05T09:17:34+00:00\",\"dateModified\":\"2024-09-14T10:10:55+00:00\",\"description\":\"Koncern naftowy Repsol, globalny lider w bran\u017cy energetycznej, prowadzi dzia\u0142alno\u015b\u0107 w zakresie poszukiwa\u0144, wydobycia, przerobu i sprzeda\u017cy ropy naftowej oraz gazu ziemnego. Firma koncentruje si\u0119 na innowacjach i zr\u00f3wnowa\u017conym rozwoju. W Polsce, wy\u0142\u0105cznym dystrybutorem produkt\u00f3w Repsol jest firma Prager.\",\"breadcrumb\":{\"@id\":\"https:\/\/prager.com.pl\/?page_id=5592#breadcrumb\"},\"inLanguage\":\"pl-PL\",\"potentialAction\":[{\"@type\":\"ReadAction\",\"target\":[\"https:\/\/prager.com.pl\/?page_id=5592\"]}]},{\"@type\":\"ImageObject\",\"inLanguage\":\"pl-PL\",\"@id\":\"https:\/\/prager.com.pl\/?page_id=5592#primaryimage\",\"url\":\"https:\/\/prager.com.pl\/wp-content\/uploads\/2024\/09\/repsol.jpg\",\"contentUrl\":\"https:\/\/prager.com.pl\/wp-content\/uploads\/2024\/09\/repsol.jpg\",\"width\":1024,\"height\":397},{\"@type\":\"BreadcrumbList\",\"@id\":\"https:\/\/prager.com.pl\/?page_id=5592#breadcrumb\",\"itemListElement\":[{\"@type\":\"ListItem\",\"position\":1,\"name\":\"Strona g\u0142\u00f3wna\",\"item\":\"https:\/\/prager.com.pl\/\"},{\"@type\":\"ListItem\",\"position\":2,\"name\":\"Repsol\"}]},{\"@type\":\"WebSite\",\"@id\":\"https:\/\/prager.com.pl\/#website\",\"url\":\"https:\/\/prager.com.pl\/\",\"name\":\"Prager\",\"description\":\"Autoryzowany dystrybutor olej\u00f3w marki Repsol\",\"publisher\":{\"@id\":\"https:\/\/prager.com.pl\/#organization\"},\"potentialAction\":[{\"@type\":\"SearchAction\",\"target\":{\"@type\":\"EntryPoint\",\"urlTemplate\":\"https:\/\/prager.com.pl\/?s={search_term_string}\"},\"query-input\":{\"@type\":\"PropertyValueSpecification\",\"valueRequired\":true,\"valueName\":\"search_term_string\"}}],\"inLanguage\":\"pl-PL\"},{\"@type\":\"Organization\",\"@id\":\"https:\/\/prager.com.pl\/#organization\",\"name\":\"Prager\",\"url\":\"https:\/\/prager.com.pl\/\",\"logo\":{\"@type\":\"ImageObject\",\"inLanguage\":\"pl-PL\",\"@id\":\"https:\/\/prager.com.pl\/#\/schema\/logo\/image\/\",\"url\":\"https:\/\/prager.com.pl\/wp-content\/uploads\/2024\/09\/pragerr.png\",\"contentUrl\":\"https:\/\/prager.com.pl\/wp-content\/uploads\/2024\/09\/pragerr.png\",\"width\":128,\"height\":116,\"caption\":\"Prager\"},\"image\":{\"@id\":\"https:\/\/prager.com.pl\/#\/schema\/logo\/image\/\"}}]}<\/script>\n<!-- \/ Yoast SEO plugin. -->","yoast_head_json":{"title":"Repsol - Prager","description":"Koncern naftowy Repsol, globalny lider w bran\u017cy energetycznej, prowadzi dzia\u0142alno\u015b\u0107 w zakresie poszukiwa\u0144, wydobycia, przerobu i sprzeda\u017cy ropy naftowej oraz gazu ziemnego. Firma koncentruje si\u0119 na innowacjach i zr\u00f3wnowa\u017conym rozwoju. W Polsce, wy\u0142\u0105cznym dystrybutorem produkt\u00f3w Repsol jest firma Prager.","robots":{"index":"index","follow":"follow","max-snippet":"max-snippet:-1","max-image-preview":"max-image-preview:large","max-video-preview":"max-video-preview:-1"},"canonical":"https:\/\/prager.com.pl\/?page_id=5592","og_locale":"pl_PL","og_type":"article","og_title":"Repsol - Prager","og_description":"Koncern naftowy Repsol, globalny lider w bran\u017cy energetycznej, prowadzi dzia\u0142alno\u015b\u0107 w zakresie poszukiwa\u0144, wydobycia, przerobu i sprzeda\u017cy ropy naftowej oraz gazu ziemnego. Firma koncentruje si\u0119 na innowacjach i zr\u00f3wnowa\u017conym rozwoju. W Polsce, wy\u0142\u0105cznym dystrybutorem produkt\u00f3w Repsol jest firma Prager.","og_url":"https:\/\/prager.com.pl\/?page_id=5592","og_site_name":"Prager","article_modified_time":"2024-09-14T10:10:55+00:00","og_image":[{"url":"https:\/\/prager.com.pl\/wp-content\/uploads\/2024\/09\/repsol.jpg"}],"twitter_card":"summary_large_image","twitter_misc":{"Szacowany czas czytania":"2 minuty"},"schema":{"@context":"https:\/\/schema.org","@graph":[{"@type":"WebPage","@id":"https:\/\/prager.com.pl\/?page_id=5592","url":"https:\/\/prager.com.pl\/?page_id=5592","name":"Repsol - Prager","isPartOf":{"@id":"https:\/\/prager.com.pl\/#website"},"primaryImageOfPage":{"@id":"https:\/\/prager.com.pl\/?page_id=5592#primaryimage"},"image":{"@id":"https:\/\/prager.com.pl\/?page_id=5592#primaryimage"},"thumbnailUrl":"https:\/\/prager.com.pl\/wp-content\/uploads\/2024\/09\/repsol.jpg","datePublished":"2016-12-05T09:17:34+00:00","dateModified":"2024-09-14T10:10:55+00:00","description":"Koncern naftowy Repsol, globalny lider w bran\u017cy energetycznej, prowadzi dzia\u0142alno\u015b\u0107 w zakresie poszukiwa\u0144, wydobycia, przerobu i sprzeda\u017cy ropy naftowej oraz gazu ziemnego. Firma koncentruje si\u0119 na innowacjach i zr\u00f3wnowa\u017conym rozwoju. W Polsce, wy\u0142\u0105cznym dystrybutorem produkt\u00f3w Repsol jest firma Prager.","breadcrumb":{"@id":"https:\/\/prager.com.pl\/?page_id=5592#breadcrumb"},"inLanguage":"pl-PL","potentialAction":[{"@type":"ReadAction","target":["https:\/\/prager.com.pl\/?page_id=5592"]}]},{"@type":"ImageObject","inLanguage":"pl-PL","@id":"https:\/\/prager.com.pl\/?page_id=5592#primaryimage","url":"https:\/\/prager.com.pl\/wp-content\/uploads\/2024\/09\/repsol.jpg","contentUrl":"https:\/\/prager.com.pl\/wp-content\/uploads\/2024\/09\/repsol.jpg","width":1024,"height":397},{"@type":"BreadcrumbList","@id":"https:\/\/prager.com.pl\/?page_id=5592#breadcrumb","itemListElement":[{"@type":"ListItem","position":1,"name":"Strona g\u0142\u00f3wna","item":"https:\/\/prager.com.pl\/"},{"@type":"ListItem","position":2,"name":"Repsol"}]},{"@type":"WebSite","@id":"https:\/\/prager.com.pl\/#website","url":"https:\/\/prager.com.pl\/","name":"Prager","description":"Autoryzowany dystrybutor olej\u00f3w marki Repsol","publisher":{"@id":"https:\/\/prager.com.pl\/#organization"},"potentialAction":[{"@type":"SearchAction","target":{"@type":"EntryPoint","urlTemplate":"https:\/\/prager.com.pl\/?s={search_term_string}"},"query-input":{"@type":"PropertyValueSpecification","valueRequired":true,"valueName":"search_term_string"}}],"inLanguage":"pl-PL"},{"@type":"Organization","@id":"https:\/\/prager.com.pl\/#organization","name":"Prager","url":"https:\/\/prager.com.pl\/","logo":{"@type":"ImageObject","inLanguage":"pl-PL","@id":"https:\/\/prager.com.pl\/#\/schema\/logo\/image\/","url":"https:\/\/prager.com.pl\/wp-content\/uploads\/2024\/09\/pragerr.png","contentUrl":"https:\/\/prager.com.pl\/wp-content\/uploads\/2024\/09\/pragerr.png","width":128,"height":116,"caption":"Prager"},"image":{"@id":"https:\/\/prager.com.pl\/#\/schema\/logo\/image\/"}}]}},"featured_media_urls":[],"_links":{"self":[{"href":"https:\/\/prager.com.pl\/index.php?rest_route=\/wp\/v2\/pages\/5592","targetHints":{"allow":["GET"]}}],"collection":[{"href":"https:\/\/prager.com.pl\/index.php?rest_route=\/wp\/v2\/pages"}],"about":[{"href":"https:\/\/prager.com.pl\/index.php?rest_route=\/wp\/v2\/types\/page"}],"author":[{"embeddable":true,"href":"https:\/\/prager.com.pl\/index.php?rest_route=\/wp\/v2\/users\/1"}],"replies":[{"embeddable":true,"href":"https:\/\/prager.com.pl\/index.php?rest_route=%2Fwp%2Fv2%2Fcomments&post=5592"}],"version-history":[{"count":17,"href":"https:\/\/prager.com.pl\/index.php?rest_route=\/wp\/v2\/pages\/5592\/revisions"}],"predecessor-version":[{"id":6964,"href":"https:\/\/prager.com.pl\/index.php?rest_route=\/wp\/v2\/pages\/5592\/revisions\/6964"}],"wp:attachment":[{"href":"https:\/\/prager.com.pl\/index.php?rest_route=%2Fwp%2Fv2%2Fmedia&parent=5592"}],"curies":[{"name":"wp","href":"https:\/\/api.w.org\/{rel}","templated":true}]}}